{"id":632,"date":"2023-05-10T23:05:53","date_gmt":"2023-05-10T23:05:53","guid":{"rendered":"https:\/\/sites-cr.azurewebsites.net\/?page_id=632"},"modified":"2023-05-10T23:06:16","modified_gmt":"2023-05-10T23:06:16","slug":"termos-de-uso","status":"publish","type":"page","link":"https:\/\/criativando.com.br\/fr\/conditions-dutilisation\/","title":{"rendered":"Conditions d&#039;utilisation"},"content":{"rendered":"<div data-elementor-type=\"page\" data-elementor-id=\"629\" class=\"elementor elementor-629\" data-elementor-post-type=\"elementor_library\">\n\t\t\t\t<div class=\"elementor-element elementor-element-4ae62ebd e-flex e-con-boxed e-con e-parent\" data-id=\"4ae62ebd\" data-element_type=\"container\" data-settings=\"{&quot;background_background&quot;:&quot;classic&quot;,&quot;shape_divider_bottom&quot;:&quot;mountains&quot;,&quot;_ha_eqh_enable&quot;:false,&quot;ekit_has_onepagescroll_dot&quot;:&quot;yes&quot;}\">\n\t\t\t\t\t<div class=\"e-con-inner\">\n\t\t\t\t<div class=\"elementor-shape elementor-shape-bottom\" data-negative=\"false\">\n\t\t\t<svg xmlns=\"http:\/\/www.w3.org\/2000\/svg\" viewbox=\"0 0 1000 100\" preserveaspectratio=\"none\">\n\t<path class=\"elementor-shape-fill\" opacity=\"0.33\" d=\"M473,67.3c-203.9,88.3-263.1-34-320.3,0C66,119.1,0,59.7,0,59.7V0h1000v59.7 c0,0-62.1,26.1-94.9,29.3c-32.8,3.3-62.8-12.3-75.8-22.1C806,49.6,745.3,8.7,694.9,4.7S492.4,59,473,67.3z\"\/>\n\t<path class=\"elementor-shape-fill\" opacity=\"0.66\" d=\"M734,67.3c-45.5,0-77.2-23.2-129.1-39.1c-28.6-8.7-150.3-10.1-254,39.1 s-91.7-34.4-149.2,0C115.7,118.3,0,39.8,0,39.8V0h1000v36.5c0,0-28.2-18.5-92.1-18.5C810.2,18.1,775.7,67.3,734,67.3z\"\/>\n\t<path class=\"elementor-shape-fill\" d=\"M766.1,28.9c-200-57.5-266,65.5-395.1,19.5C242,1.8,242,5.4,184.8,20.6C128,35.8,132.3,44.9,89.9,52.5C28.6,63.7,0,0,0,0 h1000c0,0-9.9,40.9-83.6,48.1S829.6,47,766.1,28.9z\"\/>\n<\/svg>\t\t<\/div>\n\t\t<div class=\"elementor-element elementor-element-582c92b7 e-con-full e-flex e-con e-child\" data-id=\"582c92b7\" data-element_type=\"container\" data-settings=\"{&quot;_ha_eqh_enable&quot;:false,&quot;ekit_has_onepagescroll_dot&quot;:&quot;yes&quot;}\">\n\t\t\t\t<div class=\"elementor-element elementor-element-3ac5ab9c elementor-icon-list--layout-inline elementor-list-item-link-full_width elementor-widget elementor-widget-icon-list\" data-id=\"3ac5ab9c\" data-element_type=\"widget\" data-settings=\"{&quot;ekit_we_effect_on&quot;:&quot;none&quot;}\" data-widget_type=\"icon-list.default\">\n\t\t\t\t<div class=\"elementor-widget-container\">\n\t\t\t<link rel=\"stylesheet\" href=\"https:\/\/criativando.com.br\/wp-content\/plugins\/elementor\/assets\/css\/widget-icon-list.min.css\">\t\t<ul class=\"elementor-icon-list-items elementor-inline-items\">\n\t\t\t\t\t\t\t<li class=\"elementor-icon-list-item elementor-inline-item\">\n\t\t\t\t\t\t\t\t\t\t\t<a href=\"#\">\n\n\t\t\t\t\t\t\t\t\t\t\t<span class=\"elementor-icon-list-text\">Page d&#039;accueil<\/span>\n\t\t\t\t\t\t\t\t\t\t\t<\/a>\n\t\t\t\t\t\t\t\t\t<\/li>\n\t\t\t\t\t\t\t\t<li class=\"elementor-icon-list-item elementor-inline-item\">\n\t\t\t\t\t\t\t\t\t\t\t<span class=\"elementor-icon-list-icon\">\n\t\t\t\t\t\t\t<i aria-hidden=\"true\" class=\"fas fa-caret-right\"><\/i>\t\t\t\t\t\t<\/span>\n\t\t\t\t\t\t\t\t\t\t<span class=\"elementor-icon-list-text\"><\/span>\n\t\t\t\t\t\t\t\t\t<\/li>\n\t\t\t\t\t\t<\/ul>\n\t\t\t\t<\/div>\n\t\t\t\t<\/div>\n\t\t\t\t<div class=\"elementor-element elementor-element-1fa41569 elementor-widget elementor-widget-elementskit-heading\" data-id=\"1fa41569\" data-element_type=\"widget\" data-settings=\"{&quot;ekit_we_effect_on&quot;:&quot;none&quot;}\" data-widget_type=\"elementskit-heading.default\">\n\t\t\t\t<div class=\"elementor-widget-container\">\n\t\t\t<div class=\"ekit-wid-con\" ><div class=\"ekit-heading elementskit-section-title-wraper text_left   ekit_heading_tablet-   ekit_heading_mobile-\"><h1 class=\"ekit-heading--title elementskit-section-title\">Conditions de <span><span>Utiliser<\/span><\/span><\/h1><\/div><\/div>\t\t<\/div>\n\t\t\t\t<\/div>\n\t\t\t\t<div class=\"elementor-element elementor-element-78ed2498 elementor-widget-divider--view-line elementor-widget elementor-widget-divider\" data-id=\"78ed2498\" data-element_type=\"widget\" data-settings=\"{&quot;ekit_we_effect_on&quot;:&quot;none&quot;}\" data-widget_type=\"divider.default\">\n\t\t\t\t<div class=\"elementor-widget-container\">\n\t\t\t<style>\/*! elementor - v3.21.0 - 26-05-2024 *\/\n.elementor-widget-divider{--divider-border-style:none;--divider-border-width:1px;--divider-color:#0c0d0e;--divider-icon-size:20px;--divider-element-spacing:10px;--divider-pattern-height:24px;--divider-pattern-size:20px;--divider-pattern-url:none;--divider-pattern-repeat:repeat-x}.elementor-widget-divider .elementor-divider{display:flex}.elementor-widget-divider .elementor-divider__text{font-size:15px;line-height:1;max-width:95%}.elementor-widget-divider .elementor-divider__element{margin:0 var(--divider-element-spacing);flex-shrink:0}.elementor-widget-divider .elementor-icon{font-size:var(--divider-icon-size)}.elementor-widget-divider .elementor-divider-separator{display:flex;margin:0;direction:ltr}.elementor-widget-divider--view-line_icon .elementor-divider-separator,.elementor-widget-divider--view-line_text .elementor-divider-separator{align-items:center}.elementor-widget-divider--view-line_icon .elementor-divider-separator:after,.elementor-widget-divider--view-line_icon .elementor-divider-separator:before,.elementor-widget-divider--view-line_text .elementor-divider-separator:after,.elementor-widget-divider--view-line_text .elementor-divider-separator:before{display:block;content:\"\";border-block-end:0;flex-grow:1;border-block-start:var(--divider-border-width) var(--divider-border-style) var(--divider-color)}.elementor-widget-divider--element-align-left .elementor-divider .elementor-divider-separator>.elementor-divider__svg:first-of-type{flex-grow:0;flex-shrink:100}.elementor-widget-divider--element-align-left .elementor-divider-separator:before{content:none}.elementor-widget-divider--element-align-left .elementor-divider__element{margin-left:0}.elementor-widget-divider--element-align-right .elementor-divider .elementor-divider-separator>.elementor-divider__svg:last-of-type{flex-grow:0;flex-shrink:100}.elementor-widget-divider--element-align-right .elementor-divider-separator:after{content:none}.elementor-widget-divider--element-align-right .elementor-divider__element{margin-right:0}.elementor-widget-divider--element-align-start .elementor-divider .elementor-divider-separator>.elementor-divider__svg:first-of-type{flex-grow:0;flex-shrink:100}.elementor-widget-divider--element-align-start .elementor-divider-separator:before{content:none}.elementor-widget-divider--element-align-start .elementor-divider__element{margin-inline-start:0}.elementor-widget-divider--element-align-end .elementor-divider .elementor-divider-separator>.elementor-divider__svg:last-of-type{flex-grow:0;flex-shrink:100}.elementor-widget-divider--element-align-end .elementor-divider-separator:after{content:none}.elementor-widget-divider--element-align-end .elementor-divider__element{margin-inline-end:0}.elementor-widget-divider:not(.elementor-widget-divider--view-line_text):not(.elementor-widget-divider--view-line_icon) .elementor-divider-separator{border-block-start:var(--divider-border-width) var(--divider-border-style) var(--divider-color)}.elementor-widget-divider--separator-type-pattern{--divider-border-style:none}.elementor-widget-divider--separator-type-pattern.elementor-widget-divider--view-line .elementor-divider-separator,.elementor-widget-divider--separator-type-pattern:not(.elementor-widget-divider--view-line) .elementor-divider-separator:after,.elementor-widget-divider--separator-type-pattern:not(.elementor-widget-divider--view-line) .elementor-divider-separator:before,.elementor-widget-divider--separator-type-pattern:not([class*=elementor-widget-divider--view]) .elementor-divider-separator{width:100%;min-height:var(--divider-pattern-height);-webkit-mask-size:var(--divider-pattern-size) 100%;mask-size:var(--divider-pattern-size) 100%;-webkit-mask-repeat:var(--divider-pattern-repeat);mask-repeat:var(--divider-pattern-repeat);background-color:var(--divider-color);-webkit-mask-image:var(--divider-pattern-url);mask-image:var(--divider-pattern-url)}.elementor-widget-divider--no-spacing{--divider-pattern-size:auto}.elementor-widget-divider--bg-round{--divider-pattern-repeat:round}.rtl .elementor-widget-divider .elementor-divider__text{direction:rtl}.e-con-inner>.elementor-widget-divider,.e-con>.elementor-widget-divider{width:var(--container-widget-width,100%);--flex-grow:var(--container-widget-flex-grow)}<\/style>\t\t<div class=\"elementor-divider\">\n\t\t\t<span class=\"elementor-divider-separator\">\n\t\t\t\t\t\t<\/span>\n\t\t<\/div>\n\t\t\t\t<\/div>\n\t\t\t\t<\/div>\n\t\t\t\t<\/div>\n\t\t<div class=\"elementor-element elementor-element-4b03fec3 e-con-full e-flex e-con e-child\" data-id=\"4b03fec3\" data-element_type=\"container\" data-settings=\"{&quot;_ha_eqh_enable&quot;:false,&quot;ekit_has_onepagescroll_dot&quot;:&quot;yes&quot;}\">\n\t\t\t\t<\/div>\n\t\t\t\t\t<\/div>\n\t\t\t\t<\/div>\n\t\t<div class=\"elementor-element elementor-element-1ea45014 e-flex e-con-boxed e-con e-parent\" data-id=\"1ea45014\" data-element_type=\"container\" data-settings=\"{&quot;_ha_eqh_enable&quot;:false,&quot;ekit_has_onepagescroll_dot&quot;:&quot;yes&quot;}\">\n\t\t\t\t\t<div class=\"e-con-inner\">\n\t\t<div class=\"elementor-element elementor-element-4667bfbb e-con-full e-flex e-con e-child\" data-id=\"4667bfbb\" data-element_type=\"container\" data-settings=\"{&quot;_ha_eqh_enable&quot;:false,&quot;ekit_has_onepagescroll_dot&quot;:&quot;yes&quot;}\">\n\t\t\t\t<div class=\"elementor-element elementor-element-60633aab elementor-invisible elementor-widget elementor-widget-heading\" data-id=\"60633aab\" data-element_type=\"widget\" data-settings=\"{&quot;_animation&quot;:&quot;fadeInUp&quot;,&quot;ekit_we_effect_on&quot;:&quot;none&quot;}\" data-widget_type=\"heading.default\">\n\t\t\t\t<div class=\"elementor-widget-container\">\n\t\t\t<style>\/*! elementor - v3.21.0 - 26-05-2024 *\/\n.elementor-heading-title{padding:0;margin:0;line-height:1}.elementor-widget-heading .elementor-heading-title[class*=elementor-size-]>a{color:inherit;font-size:inherit;line-height:inherit}.elementor-widget-heading .elementor-heading-title.elementor-size-small{font-size:15px}.elementor-widget-heading .elementor-heading-title.elementor-size-medium{font-size:19px}.elementor-widget-heading .elementor-heading-title.elementor-size-large{font-size:29px}.elementor-widget-heading .elementor-heading-title.elementor-size-xl{font-size:39px}.elementor-widget-heading .elementor-heading-title.elementor-size-xxl{font-size:59px}<\/style><h2 class=\"elementor-heading-title elementor-size-default\">Mis \u00e0 jour en mai 2023<\/h2>\t\t<\/div>\n\t\t\t\t<\/div>\n\t\t\t\t<div class=\"elementor-element elementor-element-6f6b6f7f elementor-invisible elementor-widget elementor-widget-heading\" data-id=\"6f6b6f7f\" data-element_type=\"widget\" data-settings=\"{&quot;_animation&quot;:&quot;fadeInUp&quot;,&quot;_animation_delay&quot;:200,&quot;ekit_we_effect_on&quot;:&quot;none&quot;}\" data-widget_type=\"heading.default\">\n\t\t\t\t<div class=\"elementor-widget-container\">\n\t\t\t<h3 class=\"elementor-heading-title elementor-size-default\">Conditions d&#039;utilisation<\/h3>\t\t<\/div>\n\t\t\t\t<\/div>\n\t\t\t\t<div class=\"elementor-element elementor-element-c763932 elementor-widget-divider--view-line elementor-widget elementor-widget-divider\" data-id=\"c763932\" data-element_type=\"widget\" data-settings=\"{&quot;ekit_we_effect_on&quot;:&quot;none&quot;}\" data-widget_type=\"divider.default\">\n\t\t\t\t<div class=\"elementor-widget-container\">\n\t\t\t\t\t<div class=\"elementor-divider\">\n\t\t\t<span class=\"elementor-divider-separator\">\n\t\t\t\t\t\t<\/span>\n\t\t<\/div>\n\t\t\t\t<\/div>\n\t\t\t\t<\/div>\n\t\t\t\t<div class=\"elementor-element elementor-element-6b1f108b elementor-widget elementor-widget-text-editor\" data-id=\"6b1f108b\" data-element_type=\"widget\" data-settings=\"{&quot;ekit_we_effect_on&quot;:&quot;none&quot;}\" data-widget_type=\"text-editor.default\">\n\t\t\t\t<div class=\"elementor-widget-container\">\n\t\t\t<style>\/*! elementor - v3.21.0 - 26-05-2024 *\/\n.elementor-widget-text-editor.elementor-drop-cap-view-stacked .elementor-drop-cap{background-color:#69727d;color:#fff}.elementor-widget-text-editor.elementor-drop-cap-view-framed .elementor-drop-cap{color:#69727d;border:3px solid;background-color:transparent}.elementor-widget-text-editor:not(.elementor-drop-cap-view-default) .elementor-drop-cap{margin-top:8px}.elementor-widget-text-editor:not(.elementor-drop-cap-view-default) .elementor-drop-cap-letter{width:1em;height:1em}.elementor-widget-text-editor .elementor-drop-cap{float:left;text-align:center;line-height:1;font-size:50px}.elementor-widget-text-editor .elementor-drop-cap-letter{display:inline-block}<\/style>\t\t\t\t<p>Le Saas (Software As A Service) Criativando Home Design est fourni \u00ab tel quel \u00bb et \u00ab tel que disponible \u00bb, sans garantie expresse ou implicite d&#039;exactitude, de fonctionnalit\u00e9 ou d&#039;accessibilit\u00e9. Utilisez ce site \u00e0 vos propres risques.<\/p><p>Ne soumettez pas de contenu ill\u00e9gal, nuisible, mena\u00e7ant, vulgaire ou obsc\u00e8ne. L&#039;\u00e9quipe Criativando Home Design n&#039;assume aucune responsabilit\u00e9 quant au contenu que vous ou d&#039;autres utilisateurs soumettez au site Web. L&#039;\u00e9quipe de Criativando Home Design n&#039;approuve, n&#039;assure, ne garantit ni n&#039;assume la responsabilit\u00e9 de tout contenu ins\u00e9r\u00e9 sur le site Web ou de toute transaction entre les utilisateurs du site Web et leurs clients. En aucun cas, l&#039;\u00e9quipe FCriativando Home Design, ses soci\u00e9t\u00e9s affili\u00e9es, agents, administrateurs, employ\u00e9s ou conc\u00e9dants de licence ne pourront \u00eatre tenus responsables de tout dommage direct, indirect, accessoire, punitif, sp\u00e9cial, cons\u00e9cutif ou exemplaire, y compris, mais sans s&#039;y limiter, les dommages pour perte de profits, de client\u00e8le, d&#039;utilisation, de donn\u00e9es ou d&#039;autres pertes intangibles r\u00e9sultant de l&#039;utilisation ou de l&#039;impossibilit\u00e9 d&#039;utiliser ce service. En aucun cas, l&#039;\u00e9quipe de Criativando Home Design ne sera responsable de tout dommage, perte ou blessure r\u00e9sultant d&#039;un piratage, d&#039;une falsification ou de tout autre acc\u00e8s ou utilisation non autoris\u00e9 du service ou de votre compte ou des informations qu&#039;il contient.<\/p><p>\u00c0 l&#039;exception du contenu soumis par les utilisateurs, tous les logiciels, images, textes et propri\u00e9t\u00e9s intellectuelles appartiennent \u00e0 l&#039;\u00e9quipe Criativando Home Design. Ne vendez ni ne redistribuez aucune partie de Criativando Home Design.<\/p><p>Criativando Home Design n&#039;est pas responsable du contenu des contrats r\u00e9dig\u00e9s et sign\u00e9s au sein de la plateforme, ni n&#039;est li\u00e9 de quelque mani\u00e8re que ce soit, personnellement ou professionnellement, aux signataires, servant uniquement de moyen d&#039;enregistrement des accords.<\/p><p>Le site Web Criativando Home Design peut changer sans pr\u00e9avis, cesser de fournir des fonctionnalit\u00e9s \u00e0 vous ou aux utilisateurs en g\u00e9n\u00e9ral, ou limiter votre utilisation. Votre compte peut \u00eatre r\u00e9sili\u00e9 ou suspendu de mani\u00e8re permanente ou temporaire sans pr\u00e9avis s&#039;il est d\u00e9termin\u00e9 que vous avez viol\u00e9 une partie quelconque du pr\u00e9sent Contrat.<\/p><p>La s\u00e9curit\u00e9 est tr\u00e8s importante. Si vous avez identifi\u00e9 un probl\u00e8me de s\u00e9curit\u00e9, veuillez utiliser le formulaire de commentaires pour soumettre des d\u00e9tails techniques. La divulgation responsable d&#039;un probl\u00e8me de s\u00e9curit\u00e9 sera trait\u00e9e avec respect et gratitude : il n&#039;y a aucune intention d&#039;attaquer ou de punir ceux qui ont trouv\u00e9 des failles de s\u00e9curit\u00e9 dans Criativando Home Design de mani\u00e8re non malveillante.<\/p><p>Bien que rares, ces conditions d&#039;utilisation peuvent changer de temps \u00e0 autre, il est donc recommand\u00e9 de v\u00e9rifier p\u00e9riodiquement ici pour rester inform\u00e9 de tout changement. Votre utilisation de Criativando Home Design apr\u00e8s un tel changement signifie que vous acceptez et consentez \u00e0 \u00eatre li\u00e9 par les nouvelles conditions d&#039;utilisation. Si vous n&#039;\u00eates pas d&#039;accord avec les modifications apport\u00e9es aux pr\u00e9sentes conditions d&#039;utilisation et ne souhaitez pas \u00eatre li\u00e9 par les conditions d&#039;utilisation r\u00e9vis\u00e9es, vous devrez supprimer votre compte et cesser d&#039;utiliser Criativando Home Design.<\/p>\t\t\t\t\t\t<\/div>\n\t\t\t\t<\/div>\n\t\t\t\t<\/div>\n\t\t\t\t\t<\/div>\n\t\t\t\t<\/div>\n\t\t\t\t<\/div>","protected":false},"excerpt":{"rendered":"","protected":false},"author":1,"featured_media":0,"parent":0,"menu_order":0,"comment_status":"closed","ping_status":"closed","template":"elementor_header_footer","meta":{"om_disable_all_campaigns":false,"_monsterinsights_skip_tracking":false,"_monsterinsights_sitenote_active":false,"_monsterinsights_sitenote_note":"","_monsterinsights_sitenote_category":0,"_uf_show_specific_survey":0,"_uf_disable_surveys":false,"footnotes":""},"_links":{"self":[{"href":"https:\/\/criativando.com.br\/fr\/wp-json\/wp\/v2\/pages\/632"}],"collection":[{"href":"https:\/\/criativando.com.br\/fr\/wp-json\/wp\/v2\/pages"}],"about":[{"href":"https:\/\/criativando.com.br\/fr\/wp-json\/wp\/v2\/types\/page"}],"author":[{"embeddable":true,"href":"https:\/\/criativando.com.br\/fr\/wp-json\/wp\/v2\/users\/1"}],"replies":[{"embeddable":true,"href":"https:\/\/criativando.com.br\/fr\/wp-json\/wp\/v2\/comments?post=632"}],"version-history":[{"count":0,"href":"https:\/\/criativando.com.br\/fr\/wp-json\/wp\/v2\/pages\/632\/revisions"}],"wp:attachment":[{"href":"https:\/\/criativando.com.br\/fr\/wp-json\/wp\/v2\/media?parent=632"}],"curies":[{"name":"wp","href":"https:\/\/api.w.org\/{rel}","templated":true}]}}